{"id":16562,"date":"2025-08-12T16:40:45","date_gmt":"2025-08-12T20:40:45","guid":{"rendered":"https:\/\/dev.lamexicoise.ca\/points-of-sale\/"},"modified":"2025-08-14T16:28:05","modified_gmt":"2025-08-14T20:28:05","slug":"points-of-sale","status":"publish","type":"page","link":"https:\/\/dev.lamexicoise.ca\/en\/points-of-sale\/","title":{"rendered":"Points of sale"},"content":{"rendered":"\t\t<div data-elementor-type=\"wp-page\" data-elementor-id=\"16562\" class=\"elementor elementor-16562 elementor-16478\" data-elementor-post-type=\"page\">\n\t\t\t\t<div class=\"elementor-element elementor-element-1ed96516 e-con-full e-flex e-con e-child\" data-id=\"1ed96516\" data-element_type=\"container\" data-e-type=\"container\">\n\t\t\t\t<div class=\"elementor-element elementor-element-de8b26 elementor-widget elementor-widget-heading\" data-id=\"de8b26\" data-element_type=\"widget\" data-e-type=\"widget\" data-widget_type=\"heading.default\">\n\t\t\t\t<div class=\"elementor-widget-container\">\n\t\t\t\t\t<h3 class=\"elementor-heading-title elementor-size-default\">Points of sale<\/h3>\t\t\t\t<\/div>\n\t\t\t\t<\/div>\n\t\t\t\t<\/div>\n\t\t<div class=\"elementor-element elementor-element-207172f e-flex e-con-boxed e-con e-parent\" data-id=\"207172f\" data-element_type=\"container\" data-e-type=\"container\">\n\t\t\t\t\t<div class=\"e-con-inner\">\n\t\t\t\t<div class=\"elementor-element elementor-element-92f98c1 elementor-widget elementor-widget-image\" data-id=\"92f98c1\" data-element_type=\"widget\" data-e-type=\"widget\" data-widget_type=\"image.default\">\n\t\t\t\t<div class=\"elementor-widget-container\">\n\t\t\t\t\t\t\t\t\t\t\t\t\t\t\t<img decoding=\"async\" src=\"https:\/\/dev.lamexicoise.ca\/wp-content\/uploads\/elementor\/thumbs\/chapulin_icon-ra5icfc6hljx926hbo1fgq2ge6glslybfe16upgazm.webp\" title=\"chapulin_icon\" alt=\"chapulin_icon\" loading=\"lazy\" \/>\t\t\t\t\t\t\t\t\t\t\t\t\t\t\t<\/div>\n\t\t\t\t<\/div>\n\t\t<div class=\"elementor-element elementor-element-7d943c0 e-con-full e-flex e-con e-child\" data-id=\"7d943c0\" data-element_type=\"container\" data-e-type=\"container\">\n\t\t<div class=\"elementor-element elementor-element-953d98b e-con-full e-flex e-con e-child\" data-id=\"953d98b\" data-element_type=\"container\" data-e-type=\"container\">\n\t\t\t\t<div class=\"elementor-element elementor-element-d771734 elementor-view-default elementor-widget elementor-widget-icon\" data-id=\"d771734\" data-element_type=\"widget\" data-e-type=\"widget\" data-widget_type=\"icon.default\">\n\t\t\t\t<div class=\"elementor-widget-container\">\n\t\t\t\t\t\t\t<div class=\"elementor-icon-wrapper\">\n\t\t\t<div class=\"elementor-icon\">\n\t\t\t<svg aria-hidden=\"true\" class=\"e-font-icon-svg e-fas-store\" viewBox=\"0 0 616 512\" xmlns=\"http:\/\/www.w3.org\/2000\/svg\"><path d=\"M602 118.6L537.1 15C531.3 5.7 521 0 510 0H106C95 0 84.7 5.7 78.9 15L14 118.6c-33.5 53.5-3.8 127.9 58.8 136.4 4.5.6 9.1.9 13.7.9 29.6 0 55.8-13 73.8-33.1 18 20.1 44.3 33.1 73.8 33.1 29.6 0 55.8-13 73.8-33.1 18 20.1 44.3 33.1 73.8 33.1 29.6 0 55.8-13 73.8-33.1 18.1 20.1 44.3 33.1 73.8 33.1 4.7 0 9.2-.3 13.7-.9 62.8-8.4 92.6-82.8 59-136.4zM529.5 288c-10 0-19.9-1.5-29.5-3.8V384H116v-99.8c-9.6 2.2-19.5 3.8-29.5 3.8-6 0-12.1-.4-18-1.2-5.6-.8-11.1-2.1-16.4-3.6V480c0 17.7 14.3 32 32 32h448c17.7 0 32-14.3 32-32V283.2c-5.4 1.6-10.8 2.9-16.4 3.6-6.1.8-12.1 1.2-18.2 1.2z\"><\/path><\/svg>\t\t\t<\/div>\n\t\t<\/div>\n\t\t\t\t\t\t<\/div>\n\t\t\t\t<\/div>\n\t\t\t\t<div class=\"elementor-element elementor-element-f0bd086 elementor-widget elementor-widget-heading\" data-id=\"f0bd086\" data-element_type=\"widget\" data-e-type=\"widget\" data-widget_type=\"heading.default\">\n\t\t\t\t<div class=\"elementor-widget-container\">\n\t\t\t\t\t<h3 class=\"elementor-heading-title elementor-size-default\">GROCERIES<\/h3>\t\t\t\t<\/div>\n\t\t\t\t<\/div>\n\t\t\t\t<div class=\"elementor-element elementor-element-8f4ef8e elementor-widget elementor-widget-text-editor\" data-id=\"8f4ef8e\" data-element_type=\"widget\" data-e-type=\"widget\" data-widget_type=\"text-editor.default\">\n\t\t\t\t<div class=\"elementor-widget-container\">\n\t\t\t\t\t\t\t\t\t<p class=\"font_8\"><a href=\"https:\/\/couffinbiocdn.ca\/\" target=\"_blank\" rel=\"noopener\" data-content=\"https:\/\/couffinbiocdn.ca\" data-type=\"external\">Couffin Bio<\/a><\/p><p class=\"font_8\"><a href=\"https:\/\/cooplamanne.com\/\" target=\"_self\" rel=\"noopener\" data-content=\"https:\/\/cooplamanne.com\/\" data-type=\"external\">La Manne (\u00e0 Victoriaville)<\/a><\/p><p class=\"font_8\"><a href=\"http:\/\/www.lesilo.co\/\" target=\"_blank\" rel=\"noopener\" data-content=\"http:\/\/www.lesilo.co\" data-type=\"external\">Le Silo (\u00e0 Sherbrooke)<\/a><\/p><p class=\"font_8\"><a href=\"https:\/\/www.epicerieloco.ca\/\" target=\"_blank\" rel=\"noopener\" data-content=\"https:\/\/www.epicerieloco.ca\" data-type=\"external\">Loco (rue Jarry \u00e0 Mtl)<\/a><\/p><p class=\"font_8\"><a href=\"https:\/\/www.epicerieloco.ca\/loco-verdun\" target=\"_self\" rel=\"noopener\" data-content=\"https:\/\/www.epicerieloco.ca\/loco-verdun\" data-type=\"external\">Loco (rue Wellington \u00e0 Verdun)<\/a><\/p><p class=\"font_8\"><a href=\"https:\/\/www.epicerieloco.ca\/loco-brossard\/\" target=\"_self\" rel=\"noopener\" data-content=\"https:\/\/www.epicerieloco.ca\/loco-brossard\/\" data-type=\"external\">Loco (\u00e0 Brossard)<\/a><\/p><p class=\"font_8\"><a href=\"https:\/\/megavrac.com\/\" target=\"_self\" rel=\"noopener\" data-content=\"https:\/\/megavrac.com\/\" data-type=\"external\">M\u00e9ga-Vrac<\/a><\/p><p class=\"font_8\"><a href=\"http:\/\/www.elreydeltaco.ca\/\" target=\"_blank\" rel=\"noopener\" data-content=\"http:\/\/www.elreydeltaco.ca\" data-type=\"external\">Roi du taco<\/a><\/p><p class=\"font_8\"><a href=\"https:\/\/vracetbocaux.ca\/\" target=\"_blank\" rel=\"noopener\" data-content=\"https:\/\/vracetbocaux.ca\" data-type=\"external\">Vrac et Bocaux<\/a><\/p><p class=\"font_8\"><a href=\"https:\/\/www.facebook.com\/Yasolo-Fine-Epicerie-Exotique-235650019908090\/\" target=\"_blank\" rel=\"noopener\" data-content=\"https:\/\/www.facebook.com\/Yasolo-Fine-Epicerie-Exotique-235650019908090\/\" data-type=\"external\">Yasolo<\/a><\/p><p class=\"font_8\"><a href=\"https:\/\/www.marchespublics-mtl.com\/marchands\/le-vrac-du-marche\/\" target=\"_self\" rel=\"noopener\" data-content=\"https:\/\/www.marchespublics-mtl.com\/marchands\/le-vrac-du-marche\/\" data-type=\"external\">Le vrac du march\u00e9 Atwater  <\/a><\/p>\t\t\t\t\t\t\t\t<\/div>\n\t\t\t\t<\/div>\n\t\t\t\t<\/div>\n\t\t<div class=\"elementor-element elementor-element-83dcfe8 e-con-full e-flex e-con e-child\" data-id=\"83dcfe8\" data-element_type=\"container\" data-e-type=\"container\">\n\t\t\t\t<div class=\"elementor-element elementor-element-8a8cf5b elementor-view-default elementor-widget elementor-widget-icon\" data-id=\"8a8cf5b\" data-element_type=\"widget\" data-e-type=\"widget\" data-widget_type=\"icon.default\">\n\t\t\t\t<div class=\"elementor-widget-container\">\n\t\t\t\t\t\t\t<div class=\"elementor-icon-wrapper\">\n\t\t\t<div class=\"elementor-icon\">\n\t\t\t<svg aria-hidden=\"true\" class=\"e-font-icon-svg e-fas-school\" viewBox=\"0 0 640 512\" xmlns=\"http:\/\/www.w3.org\/2000\/svg\"><path d=\"M0 224v272c0 8.84 7.16 16 16 16h80V192H32c-17.67 0-32 14.33-32 32zm360-48h-24v-40c0-4.42-3.58-8-8-8h-16c-4.42 0-8 3.58-8 8v64c0 4.42 3.58 8 8 8h48c4.42 0 8-3.58 8-8v-16c0-4.42-3.58-8-8-8zm137.75-63.96l-160-106.67a32.02 32.02 0 0 0-35.5 0l-160 106.67A32.002 32.002 0 0 0 128 138.66V512h128V368c0-8.84 7.16-16 16-16h96c8.84 0 16 7.16 16 16v144h128V138.67c0-10.7-5.35-20.7-14.25-26.63zM320 256c-44.18 0-80-35.82-80-80s35.82-80 80-80 80 35.82 80 80-35.82 80-80 80zm288-64h-64v320h80c8.84 0 16-7.16 16-16V224c0-17.67-14.33-32-32-32z\"><\/path><\/svg>\t\t\t<\/div>\n\t\t<\/div>\n\t\t\t\t\t\t<\/div>\n\t\t\t\t<\/div>\n\t\t\t\t<div class=\"elementor-element elementor-element-edc083c elementor-widget elementor-widget-heading\" data-id=\"edc083c\" data-element_type=\"widget\" data-e-type=\"widget\" data-widget_type=\"heading.default\">\n\t\t\t\t<div class=\"elementor-widget-container\">\n\t\t\t\t\t<h3 class=\"elementor-heading-title elementor-size-default\">SHOPS AND SCHOOLS<\/h3>\t\t\t\t<\/div>\n\t\t\t\t<\/div>\n\t\t\t\t<div class=\"elementor-element elementor-element-919cf9e elementor-widget elementor-widget-text-editor\" data-id=\"919cf9e\" data-element_type=\"widget\" data-e-type=\"widget\" data-widget_type=\"text-editor.default\">\n\t\t\t\t<div class=\"elementor-widget-container\">\n\t\t\t\t\t\t\t\t\t<p class=\"font_8\"><a href=\"http:\/\/espacepourlavie.ca\/en\/insectarium\" target=\"_blank\" rel=\"noopener\" data-content=\"http:\/\/espacepourlavie.ca\/en\/insectarium\" data-type=\"external\">I<\/a><a href=\"http:\/\/espacepourlavie.ca\/en\/insectarium\" target=\"_blank\" rel=\"noopener\" data-content=\"http:\/\/espacepourlavie.ca\/en\/insectarium\" data-type=\"external\">nsectarium de Montr\u00e9al<\/a><\/p><p class=\"font_8\"><a href=\"http:\/\/quartierinnovationmontreal.com\/en\/projects\/neoshop-montreal\" target=\"_blank\" rel=\"noopener\" data-content=\"http:\/\/quartierinnovationmontreal.com\/en\/projects\/neoshop-montreal\" data-type=\"external\">Jardin Botanique<\/a><\/p><p class=\"font_8\"><a href=\"http:\/\/www.complexeatlantide.com\/\" target=\"_self\" rel=\"noopener\" data-content=\"http:\/\/www.complexeatlantide.com\/\" data-type=\"external\">Complexe atlantide<\/a><\/p><p class=\"font_8\"><a href=\"https:\/\/cdsl.qc.ca\/\" target=\"_self\" rel=\"noopener\" data-content=\"https:\/\/cdsl.qc.ca\/\" data-type=\"external\">College Durocher Saint-Lambert<\/a><\/p><p class=\"font_8\"><a href=\"https:\/\/www.ecolesecondairemontroyal.ca\/\" target=\"_self\" rel=\"noopener\" data-content=\"https:\/\/www.ecolesecondairemontroyal.ca\/\" data-type=\"external\">\u00c9cole secondaire Mont-Royal<\/a><\/p>\t\t\t\t\t\t\t\t<\/div>\n\t\t\t\t<\/div>\n\t\t\t\t<\/div>\n\t\t<div class=\"elementor-element elementor-element-b7064bb e-con-full e-flex e-con e-child\" data-id=\"b7064bb\" data-element_type=\"container\" data-e-type=\"container\">\n\t\t\t\t<div class=\"elementor-element elementor-element-d52a563 elementor-view-default elementor-widget elementor-widget-icon\" data-id=\"d52a563\" data-element_type=\"widget\" data-e-type=\"widget\" data-widget_type=\"icon.default\">\n\t\t\t\t<div class=\"elementor-widget-container\">\n\t\t\t\t\t\t\t<div class=\"elementor-icon-wrapper\">\n\t\t\t<div class=\"elementor-icon\">\n\t\t\t<svg aria-hidden=\"true\" class=\"e-font-icon-svg e-fas-glass-cheers\" viewBox=\"0 0 640 512\" xmlns=\"http:\/\/www.w3.org\/2000\/svg\"><path d=\"M639.4 433.6c-8.4-20.4-31.8-30.1-52.2-21.6l-22.1 9.2-38.7-101.9c47.9-35 64.8-100.3 34.5-152.8L474.3 16c-8-13.9-25.1-19.7-40-13.6L320 49.8 205.7 2.4c-14.9-6.2-32-.3-40 13.6L79.1 166.5C48.9 219 65.7 284.3 113.6 319.2L74.9 421.1l-22.1-9.2c-20.4-8.5-43.7 1.2-52.2 21.6-1.7 4.1.2 8.8 4.3 10.5l162.3 67.4c4.1 1.7 8.7-.2 10.4-4.3 8.4-20.4-1.2-43.8-21.6-52.3l-22.1-9.2L173.3 342c4.4.5 8.8 1.3 13.1 1.3 51.7 0 99.4-33.1 113.4-85.3l20.2-75.4 20.2 75.4c14 52.2 61.7 85.3 113.4 85.3 4.3 0 8.7-.8 13.1-1.3L506 445.6l-22.1 9.2c-20.4 8.5-30.1 31.9-21.6 52.3 1.7 4.1 6.4 6 10.4 4.3L635.1 444c4-1.7 6-6.3 4.3-10.4zM275.9 162.1l-112.1-46.5 36.5-63.4 94.5 39.2-18.9 70.7zm88.2 0l-18.9-70.7 94.5-39.2 36.5 63.4-112.1 46.5z\"><\/path><\/svg>\t\t\t<\/div>\n\t\t<\/div>\n\t\t\t\t\t\t<\/div>\n\t\t\t\t<\/div>\n\t\t\t\t<div class=\"elementor-element elementor-element-c4935f4 elementor-widget elementor-widget-heading\" data-id=\"c4935f4\" data-element_type=\"widget\" data-e-type=\"widget\" data-widget_type=\"heading.default\">\n\t\t\t\t<div class=\"elementor-widget-container\">\n\t\t\t\t\t<h3 class=\"elementor-heading-title elementor-size-default\">Restaurants<\/h3>\t\t\t\t<\/div>\n\t\t\t\t<\/div>\n\t\t\t\t<div class=\"elementor-element elementor-element-61212ee elementor-widget elementor-widget-text-editor\" data-id=\"61212ee\" data-element_type=\"widget\" data-e-type=\"widget\" data-widget_type=\"text-editor.default\">\n\t\t\t\t<div class=\"elementor-widget-container\">\n\t\t\t\t\t\t\t\t\t<p class=\"font_8\"><a href=\"https:\/\/www.clandestinomtl.com\/\" target=\"_self\" rel=\"noopener\" data-content=\"https:\/\/www.clandestinomtl.com\/\" data-type=\"external\">Bar Clandestino<\/a><\/p><p class=\"font_8\"><a href=\"https:\/\/caifanmontreal.com\/en\/home\/\" target=\"_self\" rel=\"noopener\" data-content=\"https:\/\/caifanmontreal.com\/en\/home\/\" data-type=\"external\">Caifan<\/a><\/p><p class=\"font_8\"><a href=\"http:\/\/centraleculinaire.ca\/\" target=\"_self\" rel=\"noopener\" data-content=\"http:\/\/centraleculinaire.ca\/\" data-type=\"external\">Centrale Culinaire<\/a><\/p><p class=\"font_8\"><a href=\"https:\/\/www.dulcepassion.com\/\" target=\"_self\" rel=\"noopener\" data-content=\"https:\/\/www.dulcepassion.com\/\" data-type=\"external\">Dulce Passion (\u00e0 Longueuil)<\/a><\/p><p class=\"font_8\"><a href=\"https:\/\/www.facebook.com\/restaurantfridamtl\" target=\"_self\" rel=\"noopener\" data-content=\"https:\/\/www.facebook.com\/restaurantfridamtl\" data-type=\"external\">Frida<\/a><\/p><p class=\"font_8\"><a href=\"http:\/\/www.lacapitaltacos.ca\/\" target=\"_blank\" rel=\"noopener\" data-content=\"http:\/\/www.lacapitaltacos.ca\" data-type=\"external\">La Capital Tacos<\/a><\/p><p class=\"font_8\"><a href=\"http:\/\/www.restaurantlaselva.com\/\" target=\"_blank\" rel=\"noopener\" data-content=\"http:\/\/www.restaurantlaselva.com\" data-type=\"external\">La Selva<\/a><\/p><p class=\"font_8\"><a href=\"https:\/\/www.facebook.com\/tachidomontreal\/\" target=\"_blank\" rel=\"noopener\" data-content=\"https:\/\/www.facebook.com\/tachidomontreal\/\" data-type=\"external\">Tachido<\/a><\/p><p class=\"font_8\"><a href=\"http:\/\/antojo.ca\/\" target=\"_self\" rel=\"noopener\" data-content=\"http:\/\/antojo.ca\/\" data-type=\"external\">Antojo (Halifax)<\/a><\/p><p class=\"font_8\"><a href=\"https:\/\/le47.com\/restaurant\" target=\"_self\" rel=\"noopener\" data-content=\"https:\/\/le47.com\/restaurant\" data-type=\"external\">Caf\u00e9 47 (Qu\u00e9bec)<\/a><\/p>\t\t\t\t\t\t\t\t<\/div>\n\t\t\t\t<\/div>\n\t\t\t\t<\/div>\n\t\t\t\t<\/div>\n\t\t\t\t\t<\/div>\n\t\t\t\t<\/div>\n\t\t\t\t<\/div>\n\t\t","protected":false},"excerpt":{"rendered":"<p>GROCERIES Couffin Bio La Manne (\u00e0 Victoriaville) Le Silo (\u00e0 Sherbrooke) Loco (rue Jarry \u00e0 Mtl) Loco (rue Wellington \u00e0 Verdun) Loco (\u00e0 Brossard) M\u00e9ga-Vrac Roi du taco Vrac et Bocaux Yasolo Le vrac du march\u00e9 Atwater SHOPS AND SCHOOLS Insectarium de Montr\u00e9al Jardin Botanique Complexe atlantide College Durocher Saint-Lambert \u00c9cole secondaire Mont-Royal Restaurants Bar [&hellip;]<\/p>\n","protected":false},"author":1,"featured_media":0,"parent":0,"menu_order":0,"comment_status":"closed","ping_status":"closed","template":"","meta":{"footnotes":""},"class_list":["post-16562","page","type-page","status-publish","hentry"],"_links":{"self":[{"href":"https:\/\/dev.lamexicoise.ca\/en\/wp-json\/wp\/v2\/pages\/16562","targetHints":{"allow":["GET"]}}],"collection":[{"href":"https:\/\/dev.lamexicoise.ca\/en\/wp-json\/wp\/v2\/pages"}],"about":[{"href":"https:\/\/dev.lamexicoise.ca\/en\/wp-json\/wp\/v2\/types\/page"}],"author":[{"embeddable":true,"href":"https:\/\/dev.lamexicoise.ca\/en\/wp-json\/wp\/v2\/users\/1"}],"replies":[{"embeddable":true,"href":"https:\/\/dev.lamexicoise.ca\/en\/wp-json\/wp\/v2\/comments?post=16562"}],"version-history":[{"count":0,"href":"https:\/\/dev.lamexicoise.ca\/en\/wp-json\/wp\/v2\/pages\/16562\/revisions"}],"wp:attachment":[{"href":"https:\/\/dev.lamexicoise.ca\/en\/wp-json\/wp\/v2\/media?parent=16562"}],"curies":[{"name":"wp","href":"https:\/\/api.w.org\/{rel}","templated":true}]}}